{"id":91,"date":"2023-12-13T16:16:14","date_gmt":"2023-12-13T15:16:14","guid":{"rendered":"https:\/\/www.linaroig.com\/?page_id=91"},"modified":"2023-12-15T11:59:25","modified_gmt":"2023-12-15T10:59:25","slug":"politica-de-privacidad","status":"publish","type":"page","link":"https:\/\/www.linaroig.com\/index.php\/politica-de-privacidad\/","title":{"rendered":"Pol\u00edtica de Privacidad"},"content":{"rendered":"<p>[et_pb_section fb_built=\u00bb1&#8243; admin_label=\u00bbHeader\u00bb _builder_version=\u00bb4.23.1&#8243; _module_preset=\u00bbdefault\u00bb use_background_color_gradient=\u00bbon\u00bb background_color_gradient_stops=\u00bbrgba(0,0,0,0.3) 0%|rgba(0,0,0,0.3) 100%\u00bb background_color_gradient_overlays_image=\u00bbon\u00bb background_image=\u00bbhttp:\/\/www.linaroig.com\/wp-content\/uploads\/2023\/12\/pexels-karolina-grabowska-4466421-scaled.jpg\u00bb locked=\u00bboff\u00bb collapsed=\u00bbon\u00bb global_colors_info=\u00bb{}\u00bb][et_pb_row column_structure=\u00bb3_5,2_5&#8243; _builder_version=\u00bb4.23.1&#8243; _module_preset=\u00bbdefault\u00bb global_colors_info=\u00bb{}\u00bb][et_pb_column type=\u00bb3_5&#8243; _builder_version=\u00bb4.22.0&#8243; _module_preset=\u00bbdefault\u00bb custom_padding=\u00bb60px||60px||true|false\u00bb custom_padding_tablet=\u00bb0px||0px||true|false\u00bb custom_padding_phone=\u00bb0px||0px||true|false\u00bb custom_padding_last_edited=\u00bbon|desktop\u00bb global_colors_info=\u00bb{}\u00bb][et_pb_text _builder_version=\u00bb4.23.1&#8243; _module_preset=\u00bb3d219db6-e71c-4589-ab94-6926a8fb6466&#8243; header_font=\u00bb||||||||\u00bb header_text_color=\u00bb#FFFFFF\u00bb global_colors_info=\u00bb{}\u00bb]<\/p>\n<h1>Nuestra Pol\u00edtica de Privacidad<\/h1>\n<p>[\/et_pb_text][\/et_pb_column][et_pb_column type=\u00bb2_5&#8243; _builder_version=\u00bb4.22.0&#8243; _module_preset=\u00bbdefault\u00bb global_colors_info=\u00bb{}\u00bb][\/et_pb_column][\/et_pb_row][\/et_pb_section][et_pb_section fb_built=\u00bb1&#8243; _builder_version=\u00bb4.23.1&#8243; _module_preset=\u00bbdefault\u00bb global_colors_info=\u00bb{}\u00bb][et_pb_row _builder_version=\u00bb4.23.1&#8243; _module_preset=\u00bbdefault\u00bb global_colors_info=\u00bb{}\u00bb][et_pb_column type=\u00bb4_4&#8243; _builder_version=\u00bb4.23.1&#8243; _module_preset=\u00bbdefault\u00bb global_colors_info=\u00bb{}\u00bb][et_pb_text _builder_version=\u00bb4.23.1&#8243; _module_preset=\u00bbdefault\u00bb global_colors_info=\u00bb{}\u00bb]<\/p>\n<p>La Escuela Floral Lina Roig (en adelante \u00abnosotros\u00bb, \u00abnuestro\u00bb o \u00abla escuela\u00bb) se compromete a proteger y respetar tu privacidad. Esta pol\u00edtica establece c\u00f3mo recopilamos, usamos y protegemos la informaci\u00f3n personal que nos proporcionas al usar nuestros servicios.<\/p>\n<p><strong>1. Informaci\u00f3n que recopilamos<\/strong><\/p>\n<p>Podemos recopilar y procesar los siguientes datos personales:<\/p>\n<ul>\n<li>Informaci\u00f3n que nos proporcionas al completar formularios en nuestro sitio web, al inscribirte en nuestros cursos o al comunicarte con nosotros por tel\u00e9fono, correo electr\u00f3nico u otros medios.<\/li>\n<li>Detalles de transacciones que realizas con nosotros y de los servicios que te ofrecemos.<\/li>\n<li>Informaci\u00f3n que recopilamos autom\u00e1ticamente cuando visitas nuestro sitio web, incluida la direcci\u00f3n IP, el tipo de dispositivo, la ubicaci\u00f3n geogr\u00e1fica y el comportamiento de navegaci\u00f3n.<\/li>\n<\/ul>\n<p><strong>2. Uso de la informaci\u00f3n<\/strong><\/p>\n<p>Utilizamos la informaci\u00f3n personal que recopilamos para:<\/p>\n<ul>\n<li>Procesar tu inscripci\u00f3n en nuestros cursos y proporcionarte los servicios que has solicitado.<\/li>\n<li>Gestionar tu cuenta y enviarte informaci\u00f3n relevante sobre la escuela, eventos, promociones o cambios en nuestros servicios.<\/li>\n<li>Mejorar y personalizar tu experiencia al utilizar nuestro sitio web y servicios.<\/li>\n<\/ul>\n<p><strong>3. Divulgaci\u00f3n de informaci\u00f3n<\/strong><\/p>\n<p>No venderemos, alquilaremos ni cederemos tu informaci\u00f3n personal a terceros sin tu consentimiento, excepto cuando estemos legalmente obligados a hacerlo.<\/p>\n<p>Podemos compartir tu informaci\u00f3n con proveedores de servicios de confianza que nos ayuden en la prestaci\u00f3n de nuestros servicios, pero estos proveedores est\u00e1n obligados a mantener la confidencialidad de tu informaci\u00f3n y utilizarla solo para los fines acordados.<\/p>\n<p><strong>4. Seguridad de la informaci\u00f3n<\/strong><\/p>\n<p>Tomamos medidas razonables para proteger tus datos personales contra el acceso no autorizado o la divulgaci\u00f3n. Sin embargo, la transmisi\u00f3n de informaci\u00f3n a trav\u00e9s de internet nunca es completamente segura, por lo que no podemos garantizar la seguridad de los datos transmitidos a nuestro sitio web.<\/p>\n<p><strong>5. Tus derechos<\/strong><\/p>\n<p>Tienes derecho a acceder, rectificar o eliminar la informaci\u00f3n personal que tenemos sobre ti. Tambi\u00e9n puedes oponerte al procesamiento de tus datos personales, solicitarnos que restrinjamos ciertos tipos de procesamiento o ejercer tu derecho a la portabilidad de datos.<\/p>\n<p><strong>6. Cambios en esta pol\u00edtica<\/strong><\/p>\n<p>Esta pol\u00edtica de privacidad puede actualizarse peri\u00f3dicamente para reflejar cambios en nuestras pr\u00e1cticas de privacidad. Te recomendamos revisar esta p\u00e1gina con regularidad para estar al tanto de cualquier cambio.<\/p>\n<p><strong>7. Contacto<\/strong><\/p>\n<p>Si tienes alguna pregunta sobre nuestra pol\u00edtica de privacidad o quieres ejercer tus derechos de privacidad, puedes contactarnos a trav\u00e9s de los datos de contacto proporcionados al final de este documento.<\/p>\n<p>[\/et_pb_text][\/et_pb_column][\/et_pb_row][\/et_pb_section][et_pb_section fb_built=\u00bb1&#8243; admin_label=\u00bbFooter Links\u00bb _builder_version=\u00bb4.23.1&#8243; _module_preset=\u00bbdefault\u00bb saved_tabs=\u00bball\u00bb locked=\u00bboff\u00bb collapsed=\u00bbon\u00bb global_colors_info=\u00bb{}\u00bb][et_pb_row column_structure=\u00bb1_4,1_4,1_4,1_4&#8243; _builder_version=\u00bb4.22.0&#8243; _module_preset=\u00bbdefault\u00bb global_colors_info=\u00bb{}\u00bb][et_pb_column type=\u00bb1_4&#8243; _builder_version=\u00bb4.22.0&#8243; _module_preset=\u00bbdefault\u00bb global_colors_info=\u00bb{}\u00bb][et_pb_image src=\u00bbhttp:\/\/www.linaroig.com\/wp-content\/uploads\/2023\/12\/561001B5-D9DE-46E9-942A-74135789CC59.png\u00bb alt=\u00bbLogotipo redondo para el flaticon\u00bb title_text=\u00bbLogo redondo\u00bb _builder_version=\u00bb4.23.1&#8243; _module_preset=\u00bbdefault\u00bb custom_margin=\u00bb-4px|||||\u00bb global_colors_info=\u00bb{}\u00bb][\/et_pb_image][et_pb_social_media_follow icon_color=\u00bb#000000&#8243; _builder_version=\u00bb4.23.1&#8243; _module_preset=\u00bbdefault\u00bb text_orientation=\u00bbcenter\u00bb hover_enabled=\u00bb0&#8243; global_colors_info=\u00bb{}\u00bb sticky_enabled=\u00bb0&#8243;][et_pb_social_media_follow_network social_network=\u00bbfacebook\u00bb _builder_version=\u00bb4.22.0&#8243; _module_preset=\u00bbdefault\u00bb global_colors_info=\u00bb{}\u00bb follow_button=\u00bboff\u00bb url_new_window=\u00bbon\u00bb]facebook[\/et_pb_social_media_follow_network][et_pb_social_media_follow_network social_network=\u00bbinstagram\u00bb _builder_version=\u00bb4.22.0&#8243; _module_preset=\u00bbdefault\u00bb global_colors_info=\u00bb{}\u00bb follow_button=\u00bboff\u00bb url_new_window=\u00bbon\u00bb]instagram[\/et_pb_social_media_follow_network][\/et_pb_social_media_follow][\/et_pb_column][et_pb_column type=\u00bb1_4&#8243; _builder_version=\u00bb4.22.0&#8243; _module_preset=\u00bbdefault\u00bb global_colors_info=\u00bb{}\u00bb][et_pb_text _builder_version=\u00bb4.23.1&#8243; _module_preset=\u00bb11b92174-1ade-4e43-9fc5-ba5b98df1462&#8243; header_6_font=\u00bb|700||on|||||\u00bb custom_margin=\u00bb||10px||false|false\u00bb locked=\u00bboff\u00bb global_colors_info=\u00bb{}\u00bb]<\/p>\n<h6>accesos r\u00e1pidos<\/h6>\n<p>[\/et_pb_text][et_pb_text _builder_version=\u00bb4.23.1&#8243; _module_preset=\u00bbec52582f-b9c7-488c-b948-fef1c4e1a1e2&#8243; link_text_color=\u00bbgcid-f8656843-579e-485d-8831-5a7fce16306b\u00bb custom_margin=\u00bb||0px||false|false\u00bb locked=\u00bboff\u00bb global_colors_info=\u00bb{%22gcid-f8656843-579e-485d-8831-5a7fce16306b%22:%91%22link_text_color%22%93}\u00bb]<\/p>\n<p><a href=\"#\"><\/a><a href=\"https:\/\/www.linaroig.com\/index.php\/politica-de-privacidad\/\">Pol\u00edtica de Privacidad<\/a><\/p>\n<p><a href=\"https:\/\/www.linaroig.com\/index.php\/aviso-legal\">Aviso Legal<\/a><\/p>\n<p><a href=\"https:\/\/www.linaroig.com\/index.php\/declaracion-de-accesibilidad\/\">Declaraci\u00f3n de accesibilidad<\/a><\/p>\n<h4><\/h4>\n<p>[\/et_pb_text][\/et_pb_column][et_pb_column type=\u00bb1_4&#8243; _builder_version=\u00bb4.22.0&#8243; _module_preset=\u00bbdefault\u00bb global_colors_info=\u00bb{}\u00bb][et_pb_text _builder_version=\u00bb4.23.1&#8243; _module_preset=\u00bb11b92174-1ade-4e43-9fc5-ba5b98df1462&#8243; header_6_font=\u00bb|700||on|||||\u00bb custom_margin=\u00bb||10px||false|false\u00bb locked=\u00bboff\u00bb global_colors_info=\u00bb{}\u00bb]<\/p>\n<h6>M\u00e1s Info<\/h6>\n<p>[\/et_pb_text][et_pb_text _builder_version=\u00bb4.23.1&#8243; _module_preset=\u00bbec52582f-b9c7-488c-b948-fef1c4e1a1e2&#8243; link_text_color=\u00bbgcid-f8656843-579e-485d-8831-5a7fce16306b\u00bb custom_margin=\u00bb||0px||false|false\u00bb locked=\u00bboff\u00bb global_colors_info=\u00bb{%22gcid-f8656843-579e-485d-8831-5a7fce16306b%22:%91%22link_text_color%22%93}\u00bb]<\/p>\n<p><a href=\"https:\/\/www.linaroig.com\/index.php\/tienda\/\">Cursos<\/a><\/p>\n<p><a href=\"https:\/\/www.linaroig.com\/index.php\/blog\">Blog<\/a><\/p>\n<p><a href=\"https:\/\/www.linaroig.com\/index.php\/contacto\">Contacto<\/a><\/p>\n<p>[\/et_pb_text][\/et_pb_column][et_pb_column type=\u00bb1_4&#8243; _builder_version=\u00bb4.22.0&#8243; _module_preset=\u00bbdefault\u00bb global_colors_info=\u00bb{}\u00bb][et_pb_text _builder_version=\u00bb4.23.1&#8243; _module_preset=\u00bb11b92174-1ade-4e43-9fc5-ba5b98df1462&#8243; header_6_font=\u00bb|700||on|||||\u00bb custom_margin=\u00bb||10px||false|false\u00bb locked=\u00bboff\u00bb global_colors_info=\u00bb{}\u00bb]<\/p>\n<h6>Tel\u00e9fono<\/h6>\n<p>[\/et_pb_text][et_pb_text _builder_version=\u00bb4.23.1&#8243; _module_preset=\u00bbec52582f-b9c7-488c-b948-fef1c4e1a1e2&#8243; text_font=\u00bbWork Sans||||||||\u00bb text_text_color=\u00bb#3A4400&#8243; link_text_color=\u00bbgcid-f8656843-579e-485d-8831-5a7fce16306b\u00bb locked=\u00bboff\u00bb global_colors_info=\u00bb{%22gcid-f8656843-579e-485d-8831-5a7fce16306b%22:%91%22link_text_color%22%93}\u00bb]<\/p>\n<p><a href=\"tel:+34635489630\">+34635489630<\/a><\/p>\n<p><a href=\"tel:+34615092728\">+34615092728<\/a><\/p>\n<p>[\/et_pb_text][et_pb_text _builder_version=\u00bb4.23.1&#8243; _module_preset=\u00bb11b92174-1ade-4e43-9fc5-ba5b98df1462&#8243; header_6_font=\u00bb|700||on|||||\u00bb custom_margin=\u00bb||10px||false|false\u00bb locked=\u00bboff\u00bb global_colors_info=\u00bb{}\u00bb]<\/p>\n<h6>Correo electr\u00f3nico<\/h6>\n<p>[\/et_pb_text][et_pb_text _builder_version=\u00bb4.23.1&#8243; _module_preset=\u00bbec52582f-b9c7-488c-b948-fef1c4e1a1e2&#8243; link_text_color=\u00bbgcid-f8656843-579e-485d-8831-5a7fce16306b\u00bb locked=\u00bboff\u00bb global_colors_info=\u00bb{%22gcid-f8656843-579e-485d-8831-5a7fce16306b%22:%91%22link_text_color%22%93}\u00bb]<\/p>\n<p><a href=\"mailto:info@linaroigfloristes.es\">info@linaroigfloristes.es<\/a><\/p>\n<p>[\/et_pb_text][\/et_pb_column][\/et_pb_row][\/et_pb_section]<\/p>\n","protected":false},"excerpt":{"rendered":"<p>Nuestra Pol\u00edtica de PrivacidadLa Escuela Floral Lina Roig (en adelante \u00abnosotros\u00bb, \u00abnuestro\u00bb o \u00abla escuela\u00bb) se compromete a proteger y respetar tu privacidad. Esta pol\u00edtica establece c\u00f3mo recopilamos, usamos y protegemos la informaci\u00f3n personal que nos proporcionas al usar nuestros servicios. 1. Informaci\u00f3n que recopilamos Podemos recopilar y procesar los siguientes datos personales: Informaci\u00f3n que [&hellip;]<\/p>\n","protected":false},"author":4,"featured_media":0,"parent":0,"menu_order":0,"comment_status":"closed","ping_status":"closed","template":"","meta":{"_et_pb_use_builder":"on","_et_pb_old_content":"","_et_gb_content_width":"","footnotes":""},"class_list":["post-91","page","type-page","status-publish","hentry"],"_links":{"self":[{"href":"https:\/\/www.linaroig.com\/index.php\/wp-json\/wp\/v2\/pages\/91","targetHints":{"allow":["GET"]}}],"collection":[{"href":"https:\/\/www.linaroig.com\/index.php\/wp-json\/wp\/v2\/pages"}],"about":[{"href":"https:\/\/www.linaroig.com\/index.php\/wp-json\/wp\/v2\/types\/page"}],"author":[{"embeddable":true,"href":"https:\/\/www.linaroig.com\/index.php\/wp-json\/wp\/v2\/users\/4"}],"replies":[{"embeddable":true,"href":"https:\/\/www.linaroig.com\/index.php\/wp-json\/wp\/v2\/comments?post=91"}],"version-history":[{"count":5,"href":"https:\/\/www.linaroig.com\/index.php\/wp-json\/wp\/v2\/pages\/91\/revisions"}],"predecessor-version":[{"id":171,"href":"https:\/\/www.linaroig.com\/index.php\/wp-json\/wp\/v2\/pages\/91\/revisions\/171"}],"wp:attachment":[{"href":"https:\/\/www.linaroig.com\/index.php\/wp-json\/wp\/v2\/media?parent=91"}],"curies":[{"name":"wp","href":"https:\/\/api.w.org\/{rel}","templated":true}]}}