{"id":99,"date":"2023-12-13T16:21:45","date_gmt":"2023-12-13T15:21:45","guid":{"rendered":"https:\/\/www.linaroig.com\/?page_id=99"},"modified":"2023-12-15T12:01:59","modified_gmt":"2023-12-15T11:01:59","slug":"aviso-legal","status":"publish","type":"page","link":"https:\/\/www.linaroig.com\/index.php\/aviso-legal\/","title":{"rendered":"Aviso Legal"},"content":{"rendered":"<p>[et_pb_section fb_built=\u00bb1&#8243; admin_label=\u00bbHeader\u00bb _builder_version=\u00bb4.23.1&#8243; _module_preset=\u00bbdefault\u00bb use_background_color_gradient=\u00bbon\u00bb background_color_gradient_stops=\u00bbrgba(0,0,0,0.3) 0%|rgba(0,0,0,0.3) 100%\u00bb background_color_gradient_overlays_image=\u00bbon\u00bb background_image=\u00bbhttp:\/\/www.linaroig.com\/wp-content\/uploads\/2023\/12\/pexels-karolina-grabowska-4466421-scaled.jpg\u00bb locked=\u00bboff\u00bb collapsed=\u00bbon\u00bb global_colors_info=\u00bb{}\u00bb][et_pb_row column_structure=\u00bb3_5,2_5&#8243; _builder_version=\u00bb4.23.1&#8243; _module_preset=\u00bbdefault\u00bb global_colors_info=\u00bb{}\u00bb][et_pb_column type=\u00bb3_5&#8243; _builder_version=\u00bb4.22.0&#8243; _module_preset=\u00bbdefault\u00bb custom_padding=\u00bb60px||60px||true|false\u00bb custom_padding_tablet=\u00bb0px||0px||true|false\u00bb custom_padding_phone=\u00bb0px||0px||true|false\u00bb custom_padding_last_edited=\u00bbon|desktop\u00bb global_colors_info=\u00bb{}\u00bb][et_pb_text _builder_version=\u00bb4.23.1&#8243; _module_preset=\u00bb3d219db6-e71c-4589-ab94-6926a8fb6466&#8243; header_font=\u00bb||||||||\u00bb header_text_color=\u00bb#FFFFFF\u00bb global_colors_info=\u00bb{}\u00bb]<\/p>\n<h1>Nuestro Aviso Legal<\/h1>\n<p>[\/et_pb_text][\/et_pb_column][et_pb_column type=\u00bb2_5&#8243; _builder_version=\u00bb4.22.0&#8243; _module_preset=\u00bbdefault\u00bb global_colors_info=\u00bb{}\u00bb][\/et_pb_column][\/et_pb_row][\/et_pb_section][et_pb_section fb_built=\u00bb1&#8243; _builder_version=\u00bb4.23.1&#8243; _module_preset=\u00bbdefault\u00bb global_colors_info=\u00bb{}\u00bb][et_pb_row _builder_version=\u00bb4.23.1&#8243; _module_preset=\u00bbdefault\u00bb global_colors_info=\u00bb{}\u00bb][et_pb_column type=\u00bb4_4&#8243; _builder_version=\u00bb4.23.1&#8243; _module_preset=\u00bbdefault\u00bb global_colors_info=\u00bb{}\u00bb][et_pb_text _builder_version=\u00bb4.23.1&#8243; _module_preset=\u00bbdefault\u00bb global_colors_info=\u00bb{}\u00bb]<\/p>\n<p>En cumplimiento con el art\u00edculo 10 de la Ley 34\/2002, de 11 de julio, de Servicios de la Sociedad de la Informaci\u00f3n y Comercio Electr\u00f3nico, se exponen a continuaci\u00f3n los datos identificativos de la entidad:<\/p>\n<p><strong>Nombre de la entidad:<\/strong> Escuela Floral Lina Roig<\/p>\n<p><strong>CIF:<\/strong> <span>20790519-Z<\/span><\/p>\n<p><strong>Domicilio social:<\/strong> <span>Carrer del Ravalet, 95, 46240 Carlet, Valencia<\/span><\/p>\n<p><strong>Correo electr\u00f3nico:<\/strong> info@linaroigfloristes.es<\/p>\n<p><strong>Tel\u00e9fono:<\/strong> <span class=\"w8qArf\"><span>\u00a0<\/span><\/span><span><span class=\"LrzXr zdqRlf kno-fv\"><a data-dtype=\"d3ph\" data-local-attribute=\"d3ph\" jscontroller=\"LWZElb\" href=\"https:\/\/www.google.com\/search?q=lina+roig+floristes&amp;sca_esv=571285583&amp;bih=1152&amp;biw=2188&amp;rlz=1C5CHFA_enES1013ES1013&amp;hl=es&amp;sxsrf=AM9HkKmRj5H4_L1Pu3qM9fnprjJKMRlBEw%3A1696590715903&amp;ei=e-sfZdznNvjqkdUPiduO0AM&amp;ved=0ahUKEwickc33pOGBAxV4daQEHYmtAzoQ4dUDCBA&amp;uact=5&amp;oq=lina+roig+floristes&amp;gs_lp=Egxnd3Mtd2l6LXNlcnAiE2xpbmEgcm9pZyBmbG9yaXN0ZXMyBBAjGCcyBBAjGCcyBBAjGCcyCxAuGIAEGMcBGK8BMhoQLhiABBjHARivARiXBRjcBBjeBBjgBNgBAUj8B1AVWI4EcAF4AJABAJgBXaABrQGqAQEyuAEDyAEA-AEBwgIIEAAYogQYsAPCAgYQABgWGB7iAwQYASBBiAYBkAYEugYGCAEQARgU&amp;sclient=gws-wiz-serp#\" jsdata=\"QKGTRc;_;Aw5kcA\" jsaction=\"rcuQ6b:npT2md;F75qrd\" data-ved=\"2ahUKEwiRlJuLpuGBAxX9U6QEHds1AfwQkAgoAHoECDsQAw\"><span aria-label=\"Llamar al n\u00famero de tel\u00e9fono 615 09 27 28\">615 09 27 28<\/span><\/a><\/span><\/span><\/p>\n<p>La presente informaci\u00f3n regula el uso del sitio web de la Escuela Floral Lina Roig, cuya p\u00e1gina principal se encuentra en la direcci\u00f3n URL <a href=\"https:\/\/www.linaroig.com\">https:\/\/www.linaroig.com<\/a><\/p>\n<p><strong>Uso del sitio web<\/strong><\/p>\n<p>El acceso y uso del sitio web de la Escuela Floral Lina Roig atribuye la condici\u00f3n de usuario, y se aceptan, desde dicho acceso y\/o uso, las condiciones generales aqu\u00ed reflejadas. El usuario se compromete a utilizar el sitio web, sus contenidos y servicios de conformidad con la ley, la moral, las buenas costumbres y el presente aviso legal.<\/p>\n<p><strong>Propiedad intelectual e industrial<\/strong><\/p>\n<p>Todos los derechos de propiedad intelectual e industrial de este sitio web y sus contenidos (textos, im\u00e1genes, dise\u00f1os, logotipos, archivos de audio y video, etc.) son propiedad de la Escuela Floral Lina Roig o de terceros que hayan autorizado su uso. Queda expresamente prohibida la reproducci\u00f3n, distribuci\u00f3n, comunicaci\u00f3n p\u00fablica y cualquier otro uso, total o parcial, de los contenidos de este sitio web sin la autorizaci\u00f3n previa por escrito de la Escuela Floral Lina Roig.<\/p>\n<p><strong>Responsabilidad<\/strong><\/p>\n<p>La Escuela Floral Lina Roig no se hace responsable del uso indebido que se realice de los contenidos de este sitio web, siendo exclusiva responsabilidad de la persona que accede a ellos o los utiliza.<\/p>\n<p><strong>Enlaces externos<\/strong><\/p>\n<p>El sitio web puede contener enlaces a sitios de terceros. La Escuela Floral Lina Roig no asume ninguna responsabilidad por el contenido, informaci\u00f3n o servicios que puedan aparecer en dichos sitios, que tendr\u00e1n car\u00e1cter informativo y que en ning\u00fan caso implican relaci\u00f3n alguna entre la Escuela Floral Lina Roig y las personas o entidades titulares de tales contenidos o titulares de los sitios donde se encuentren.<\/p>\n<p><strong>Modificaciones<\/strong><\/p>\n<p>La Escuela Floral Lina Roig se reserva el derecho de modificar, sin previo aviso, la informaci\u00f3n contenida en su sitio web, as\u00ed como su configuraci\u00f3n y presentaci\u00f3n.<\/p>\n<p><strong>Legislaci\u00f3n aplicable y jurisdicci\u00f3n<\/strong><\/p>\n<p>La relaci\u00f3n entre la Escuela Floral Lina Roig y el usuario se regir\u00e1 por la normativa espa\u00f1ola vigente y cualquier controversia se someter\u00e1 a los juzgados y tribunales correspondientes al domicilio de la Escuela Floral Lina Roig, renunciando expresamente las partes a cualquier otro fuero que pudiera corresponderles.<\/p>\n<p>[\/et_pb_text][\/et_pb_column][\/et_pb_row][\/et_pb_section][et_pb_section fb_built=\u00bb1&#8243; admin_label=\u00bbFooter Links\u00bb _builder_version=\u00bb4.23.1&#8243; _module_preset=\u00bbdefault\u00bb saved_tabs=\u00bball\u00bb locked=\u00bboff\u00bb collapsed=\u00bbon\u00bb global_colors_info=\u00bb{}\u00bb][et_pb_row column_structure=\u00bb1_4,1_4,1_4,1_4&#8243; _builder_version=\u00bb4.22.0&#8243; _module_preset=\u00bbdefault\u00bb global_colors_info=\u00bb{}\u00bb][et_pb_column type=\u00bb1_4&#8243; _builder_version=\u00bb4.22.0&#8243; _module_preset=\u00bbdefault\u00bb global_colors_info=\u00bb{}\u00bb][et_pb_image src=\u00bbhttp:\/\/www.linaroig.com\/wp-content\/uploads\/2023\/12\/561001B5-D9DE-46E9-942A-74135789CC59.png\u00bb alt=\u00bbLogotipo redondo para el flaticon\u00bb title_text=\u00bbLogo redondo\u00bb _builder_version=\u00bb4.23.1&#8243; _module_preset=\u00bbdefault\u00bb custom_margin=\u00bb-4px|||||\u00bb global_colors_info=\u00bb{}\u00bb][\/et_pb_image][et_pb_social_media_follow icon_color=\u00bb#000000&#8243; _builder_version=\u00bb4.23.1&#8243; _module_preset=\u00bbdefault\u00bb text_orientation=\u00bbcenter\u00bb hover_enabled=\u00bb0&#8243; global_colors_info=\u00bb{}\u00bb sticky_enabled=\u00bb0&#8243;][et_pb_social_media_follow_network social_network=\u00bbfacebook\u00bb _builder_version=\u00bb4.22.0&#8243; _module_preset=\u00bbdefault\u00bb global_colors_info=\u00bb{}\u00bb follow_button=\u00bboff\u00bb url_new_window=\u00bbon\u00bb]facebook[\/et_pb_social_media_follow_network][et_pb_social_media_follow_network social_network=\u00bbinstagram\u00bb _builder_version=\u00bb4.22.0&#8243; _module_preset=\u00bbdefault\u00bb global_colors_info=\u00bb{}\u00bb follow_button=\u00bboff\u00bb url_new_window=\u00bbon\u00bb]instagram[\/et_pb_social_media_follow_network][\/et_pb_social_media_follow][\/et_pb_column][et_pb_column type=\u00bb1_4&#8243; _builder_version=\u00bb4.22.0&#8243; _module_preset=\u00bbdefault\u00bb global_colors_info=\u00bb{}\u00bb][et_pb_text _builder_version=\u00bb4.23.1&#8243; _module_preset=\u00bb11b92174-1ade-4e43-9fc5-ba5b98df1462&#8243; header_6_font=\u00bb|700||on|||||\u00bb custom_margin=\u00bb||10px||false|false\u00bb locked=\u00bboff\u00bb global_colors_info=\u00bb{}\u00bb]<\/p>\n<h6>accesos r\u00e1pidos<\/h6>\n<p>[\/et_pb_text][et_pb_text _builder_version=\u00bb4.23.1&#8243; _module_preset=\u00bbec52582f-b9c7-488c-b948-fef1c4e1a1e2&#8243; link_text_color=\u00bbgcid-f8656843-579e-485d-8831-5a7fce16306b\u00bb custom_margin=\u00bb||0px||false|false\u00bb locked=\u00bboff\u00bb global_colors_info=\u00bb{%22gcid-f8656843-579e-485d-8831-5a7fce16306b%22:%91%22link_text_color%22%93}\u00bb]<\/p>\n<p><a href=\"#\"><\/a><a href=\"https:\/\/www.linaroig.com\/index.php\/politica-de-privacidad\/\">Pol\u00edtica de Privacidad<\/a><\/p>\n<p><a href=\"https:\/\/www.linaroig.com\/index.php\/aviso-legal\">Aviso Legal<\/a><\/p>\n<p><a href=\"https:\/\/www.linaroig.com\/index.php\/declaracion-de-accesibilidad\/\">Declaraci\u00f3n de accesibilidad<\/a><\/p>\n<h4><\/h4>\n<p>[\/et_pb_text][\/et_pb_column][et_pb_column type=\u00bb1_4&#8243; _builder_version=\u00bb4.22.0&#8243; _module_preset=\u00bbdefault\u00bb global_colors_info=\u00bb{}\u00bb][et_pb_text _builder_version=\u00bb4.23.1&#8243; _module_preset=\u00bb11b92174-1ade-4e43-9fc5-ba5b98df1462&#8243; header_6_font=\u00bb|700||on|||||\u00bb custom_margin=\u00bb||10px||false|false\u00bb locked=\u00bboff\u00bb global_colors_info=\u00bb{}\u00bb]<\/p>\n<h6>M\u00e1s Info<\/h6>\n<p>[\/et_pb_text][et_pb_text _builder_version=\u00bb4.23.1&#8243; _module_preset=\u00bbec52582f-b9c7-488c-b948-fef1c4e1a1e2&#8243; link_text_color=\u00bbgcid-f8656843-579e-485d-8831-5a7fce16306b\u00bb custom_margin=\u00bb||0px||false|false\u00bb locked=\u00bboff\u00bb global_colors_info=\u00bb{%22gcid-f8656843-579e-485d-8831-5a7fce16306b%22:%91%22link_text_color%22%93}\u00bb]<\/p>\n<p><a href=\"https:\/\/www.linaroig.com\/index.php\/tienda\/\">Cursos<\/a><\/p>\n<p><a href=\"https:\/\/www.linaroig.com\/index.php\/blog\">Blog<\/a><\/p>\n<p><a href=\"https:\/\/www.linaroig.com\/index.php\/contacto\">Contacto<\/a><\/p>\n<p>[\/et_pb_text][\/et_pb_column][et_pb_column type=\u00bb1_4&#8243; _builder_version=\u00bb4.22.0&#8243; _module_preset=\u00bbdefault\u00bb global_colors_info=\u00bb{}\u00bb][et_pb_text _builder_version=\u00bb4.23.1&#8243; _module_preset=\u00bb11b92174-1ade-4e43-9fc5-ba5b98df1462&#8243; header_6_font=\u00bb|700||on|||||\u00bb custom_margin=\u00bb||10px||false|false\u00bb locked=\u00bboff\u00bb global_colors_info=\u00bb{}\u00bb]<\/p>\n<h6>Tel\u00e9fono<\/h6>\n<p>[\/et_pb_text][et_pb_text _builder_version=\u00bb4.23.1&#8243; _module_preset=\u00bbec52582f-b9c7-488c-b948-fef1c4e1a1e2&#8243; text_font=\u00bbWork Sans||||||||\u00bb text_text_color=\u00bb#3A4400&#8243; link_text_color=\u00bbgcid-f8656843-579e-485d-8831-5a7fce16306b\u00bb locked=\u00bboff\u00bb global_colors_info=\u00bb{%22gcid-f8656843-579e-485d-8831-5a7fce16306b%22:%91%22link_text_color%22%93}\u00bb]<\/p>\n<p><a href=\"tel:+34635489630\">+34635489630<\/a><\/p>\n<p><a href=\"tel:+34615092728\">+34615092728<\/a><\/p>\n<p>[\/et_pb_text][et_pb_text _builder_version=\u00bb4.23.1&#8243; _module_preset=\u00bb11b92174-1ade-4e43-9fc5-ba5b98df1462&#8243; header_6_font=\u00bb|700||on|||||\u00bb custom_margin=\u00bb||10px||false|false\u00bb locked=\u00bboff\u00bb global_colors_info=\u00bb{}\u00bb]<\/p>\n<h6>Correo electr\u00f3nico<\/h6>\n<p>[\/et_pb_text][et_pb_text _builder_version=\u00bb4.23.1&#8243; _module_preset=\u00bbec52582f-b9c7-488c-b948-fef1c4e1a1e2&#8243; link_text_color=\u00bbgcid-f8656843-579e-485d-8831-5a7fce16306b\u00bb locked=\u00bboff\u00bb global_colors_info=\u00bb{%22gcid-f8656843-579e-485d-8831-5a7fce16306b%22:%91%22link_text_color%22%93}\u00bb]<\/p>\n<p><a href=\"mailto:info@linaroigfloristes.es\">info@linaroigfloristes.es<\/a><\/p>\n<p>[\/et_pb_text][\/et_pb_column][\/et_pb_row][\/et_pb_section]<\/p>\n","protected":false},"excerpt":{"rendered":"<p>Nuestro Aviso LegalEn cumplimiento con el art\u00edculo 10 de la Ley 34\/2002, de 11 de julio, de Servicios de la Sociedad de la Informaci\u00f3n y Comercio Electr\u00f3nico, se exponen a continuaci\u00f3n los datos identificativos de la entidad: Nombre de la entidad: Escuela Floral Lina Roig CIF: 20790519-Z Domicilio social: Carrer del Ravalet, 95, 46240 Carlet, [&hellip;]<\/p>\n","protected":false},"author":4,"featured_media":0,"parent":0,"menu_order":0,"comment_status":"closed","ping_status":"closed","template":"","meta":{"_et_pb_use_builder":"on","_et_pb_old_content":"","_et_gb_content_width":"","footnotes":""},"class_list":["post-99","page","type-page","status-publish","hentry"],"_links":{"self":[{"href":"https:\/\/www.linaroig.com\/index.php\/wp-json\/wp\/v2\/pages\/99","targetHints":{"allow":["GET"]}}],"collection":[{"href":"https:\/\/www.linaroig.com\/index.php\/wp-json\/wp\/v2\/pages"}],"about":[{"href":"https:\/\/www.linaroig.com\/index.php\/wp-json\/wp\/v2\/types\/page"}],"author":[{"embeddable":true,"href":"https:\/\/www.linaroig.com\/index.php\/wp-json\/wp\/v2\/users\/4"}],"replies":[{"embeddable":true,"href":"https:\/\/www.linaroig.com\/index.php\/wp-json\/wp\/v2\/comments?post=99"}],"version-history":[{"count":3,"href":"https:\/\/www.linaroig.com\/index.php\/wp-json\/wp\/v2\/pages\/99\/revisions"}],"predecessor-version":[{"id":172,"href":"https:\/\/www.linaroig.com\/index.php\/wp-json\/wp\/v2\/pages\/99\/revisions\/172"}],"wp:attachment":[{"href":"https:\/\/www.linaroig.com\/index.php\/wp-json\/wp\/v2\/media?parent=99"}],"curies":[{"name":"wp","href":"https:\/\/api.w.org\/{rel}","templated":true}]}}